{"id":25,"date":"2023-08-30T22:47:20","date_gmt":"2023-08-30T20:47:20","guid":{"rendered":"https:\/\/echecs-vanves.fr\/?page_id=25"},"modified":"2024-09-09T22:15:34","modified_gmt":"2024-09-09T20:15:34","slug":"le-club","status":"publish","type":"page","link":"https:\/\/echecs-vanves.fr\/index.php\/le-club\/","title":{"rendered":"Le Club"},"content":{"rendered":"\n<p>Cr\u00e9\u00e9 en septembre 2018 avec le soutien de la municipalit\u00e9, le club est ouvert tous les mercredis de 14 heures \u00e0 19 heures et tous les samedis \u00e0 ce m\u00eame horaire, hors vacances scolaires. Le mercredi, un animateur exp\u00e9riment\u00e9 assure trois cours selon les niveaux \u00e0 des horaires pr\u00e9cis et le samedi, le Pr\u00e9sident du club est pr\u00e9sent.<\/p>\n\n\n\n<h2 class=\"wp-block-heading\">Acc\u00e8s<\/h2>\n\n\n\n<p>Le club, situ\u00e9 \u00e0 l&rsquo;Espace Bleuzen, 32-36, rue Jean Bleuzen \u00e0 Vanves, est accessible par les bus&nbsp;:<\/p>\n\n\n\n<ul class=\"wp-block-list\">\n<li>59 (arr\u00eat Insurrection-Bleuzen),<\/li>\n\n\n\n<li>89 (arr\u00eat square de l&rsquo;Insurrection),<\/li>\n\n\n\n<li>58 (arr\u00eat Jean-Jaur\u00e8s Jean Bleuzen),<\/li>\n\n\n\n<li>391 (arr\u00eat gare de Vanves-Malakoff),<\/li>\n<\/ul>\n\n\n\n<p>et la station de m\u00e9tro Malakoff-Plateau de Vanves sur la ligne 13.<\/p>\n\n\n\n<h2 class=\"wp-block-heading\">Les membres<\/h2>\n\n\n\n<p>Le club compte une cinquantaine de membres. Ce nombre est en progression gr\u00e2ce \u00e0 l&rsquo;adh\u00e9sion de nombreux jeunes qui sont majoritaires dans le club.<\/p>\n\n\n\n<p>Le club est ouvert aux joueurs \u00e0 partir de 5 ans.<\/p>\n\n\n\n<h2 class=\"wp-block-heading\">Les cours du mercredi<\/h2>\n\n\n\n<p>Les enfants seront r\u00e9partis par groupe d\u2019\u00e2ge. Il y aura 3 groupes diff\u00e9rents et 3 tranches horaires diff\u00e9rentes :<\/p>\n\n\n\n<ul class=\"wp-block-list\">\n<li>Les \u2018petit poussin\u2019 = U8 (donc jusqu\u2019\u00e0 7 ans maxi) auront \u00e9checs dans le GROUPE 1<\/li>\n\n\n\n<li>Les \u2018poussin\u2019 = U10 (donc 8 \u00e0 9 ans maxi) auront \u00e9checs dans le GROUPE 1<\/li>\n\n\n\n<li>Les \u2018pupille\u2019 = U12 (donc 10 \u00e0 11 ans maxi) auront \u00e9checs dans le GROUPE 2 <\/li>\n\n\n\n<li>Les \u2018benjamin\u2019 = U14 (donc 12 \u00e0 13 ans maxi) auront \u00e9checs dans le GROUPE 2<\/li>\n\n\n\n<li>Les \u2018minime\u2019 = U16 (donc 14 \u00e0 15 ans maxi) auront \u00e9checs dans le GROUPE 2<\/li>\n\n\n\n<li>Les \u2018cadet\u2019 = U18, les \u2018junior\u2019 = U20 et les adultes auront \u00e9checs dans le GROUPE 3<\/li>\n<\/ul>\n\n\n\n<p><strong>GROUPE 1 : d\u00e9butants ou U10 max<\/strong><\/p>\n\n\n\n<p>D\u00e9but libre \u00e0 14h \u2013 les enfants jouent entre eux 15h \u2013 cours pendant 30 minutes maximum<\/p>\n\n\n\n<p>15h30 \u2013 16h maximum les enfants jouent entre eux \/ Sur cet horaire : le 1er mercredi de chaque mois tournoi int\u00e9rieur sur l\u2019ann\u00e9e en partie rapide (10 minutes \u00e0 la pendule).<\/p>\n\n\n\n<p><strong>GROUPE 2 : confirm\u00e9s ou U16 max<\/strong><\/p>\n\n\n\n<p>D\u00e9but libre \u00e0 16h \u2013 les enfants jouent entre eux<\/p>\n\n\n\n<p>17h \u2013 cours pendant 30 minutes maximum<\/p>\n\n\n\n<p>17h30 \u2013 18h maximum les enfants jouent entre eux<\/p>\n\n\n\n<p>Le 1er mercredi de chaque mois le cours est remplac\u00e9 par un tournoi int\u00e9rieur de 17h \u00e0 18h sur l\u2019ann\u00e9e en partie rapide (cadence de 25 minutes par joueur, notation obligatoire).<\/p>\n\n\n\n<p><strong>GROUPE 3 : P\u00f4le Elite<\/strong><\/p>\n\n\n\n<p>18h \u2013 19h cours<\/p>\n\n\n\n<p>Le 1er mercredi de chaque mois le cours est remplac\u00e9 par un tournoi int\u00e9rieur sur l\u2019ann\u00e9e en partie rapide (cadence de 25 minutes par joueur, notation obligatoire).<\/p>\n\n\n\n<p>A noter : les enfants du GROUPE 2 ayant un classement Elo r\u00e9el, \u00e9tant s\u00e9rieux et souhaitant progresser plus rapidement peuvent rester et participer au groupe 3.<\/p>\n","protected":false},"excerpt":{"rendered":"<p>Cr\u00e9\u00e9 en septembre 2018 avec le soutien de la municipalit\u00e9, le club est ouvert tous les mercredis de 14 heures \u00e0 19 heures et tous les samedis \u00e0 ce m\u00eame horaire, hors vacances scolaires. Le mercredi, un animateur exp\u00e9riment\u00e9 assure trois cours selon les niveaux \u00e0 des horaires pr\u00e9cis et le samedi, le Pr\u00e9sident du [&hellip;]<\/p>\n","protected":false},"author":2,"featured_media":12,"parent":0,"menu_order":0,"comment_status":"closed","ping_status":"closed","template":"","meta":{"_seopress_robots_primary_cat":"","_seopress_titles_title":"","_seopress_titles_desc":"","_seopress_robots_index":"","footnotes":""},"class_list":["post-25","page","type-page","status-publish","has-post-thumbnail","hentry"],"_links":{"self":[{"href":"https:\/\/echecs-vanves.fr\/index.php\/wp-json\/wp\/v2\/pages\/25","targetHints":{"allow":["GET"]}}],"collection":[{"href":"https:\/\/echecs-vanves.fr\/index.php\/wp-json\/wp\/v2\/pages"}],"about":[{"href":"https:\/\/echecs-vanves.fr\/index.php\/wp-json\/wp\/v2\/types\/page"}],"author":[{"embeddable":true,"href":"https:\/\/echecs-vanves.fr\/index.php\/wp-json\/wp\/v2\/users\/2"}],"replies":[{"embeddable":true,"href":"https:\/\/echecs-vanves.fr\/index.php\/wp-json\/wp\/v2\/comments?post=25"}],"version-history":[{"count":13,"href":"https:\/\/echecs-vanves.fr\/index.php\/wp-json\/wp\/v2\/pages\/25\/revisions"}],"predecessor-version":[{"id":229,"href":"https:\/\/echecs-vanves.fr\/index.php\/wp-json\/wp\/v2\/pages\/25\/revisions\/229"}],"wp:featuredmedia":[{"embeddable":true,"href":"https:\/\/echecs-vanves.fr\/index.php\/wp-json\/wp\/v2\/media\/12"}],"wp:attachment":[{"href":"https:\/\/echecs-vanves.fr\/index.php\/wp-json\/wp\/v2\/media?parent=25"}],"curies":[{"name":"wp","href":"https:\/\/api.w.org\/{rel}","templated":true}]}}